{"id":25423,"date":"2025-07-13T18:15:48","date_gmt":"2025-07-13T16:15:48","guid":{"rendered":"https:\/\/international.bi.glpch2.dev\/?page_id=25423"},"modified":"2025-08-31T08:53:12","modified_gmt":"2025-08-31T06:53:12","slug":"theme-a-4","status":"publish","type":"page","link":"https:\/\/international.bi.glpch2.dev\/fr\/politique\/themes\/theme-a-4\/","title":{"rendered":"Suisse International"},"content":{"rendered":"\t\t<div data-elementor-type=\"wp-page\" data-elementor-id=\"25423\" class=\"elementor elementor-25423 elementor-25422\" data-elementor-post-type=\"page\">\n\t\t\t\t<div class=\"elementor-element elementor-element-62bf200f e-con-full e-flex e-con e-parent\" data-id=\"62bf200f\" data-element_type=\"container\" data-e-type=\"container\">\n\t\t<div class=\"elementor-element elementor-element-2273fb61 e-con-full e-flex e-con e-child\" data-id=\"2273fb61\" data-element_type=\"container\" data-e-type=\"container\" data-settings=\"{&quot;background_background&quot;:&quot;classic&quot;}\">\n\t\t\t\t<\/div>\n\t\t<div class=\"elementor-element elementor-element-3745353 e-flex e-con-boxed e-con e-child\" data-id=\"3745353\" data-element_type=\"container\" data-e-type=\"container\">\n\t\t\t\t\t<div class=\"e-con-inner\">\n\t\t<div class=\"elementor-element elementor-element-34215a0 e-flex e-con-boxed e-con e-child\" data-id=\"34215a0\" data-element_type=\"container\" data-e-type=\"container\">\n\t\t\t\t\t<div class=\"e-con-inner\">\n\t\t\t\t<div class=\"elementor-element elementor-element-64d1467c elementor-widget elementor-widget-jet-breadcrumbs\" data-id=\"64d1467c\" data-element_type=\"widget\" data-e-type=\"widget\" data-widget_type=\"jet-breadcrumbs.default\">\n\t\t\t\t<div class=\"elementor-widget-container\">\n\t\t\t\t\t<div class=\"elementor-jet-breadcrumbs jet-blocks\">\n\t\t<div class=\"jet-breadcrumbs\">\n\t\t<div class=\"jet-breadcrumbs__content\">\n\t\t<div class=\"jet-breadcrumbs__wrap\"><div class=\"jet-breadcrumbs__item\"><a href=\"https:\/\/international.bi.glpch2.dev\/fr\/\" class=\"jet-breadcrumbs__item-link is-home\" rel=\"home\" title=\"\">  <\/a><\/div>\n\t\t<\/div>\n\t\t<\/div>\n\t\t<\/div><\/div>\t\t\t\t<\/div>\n\t\t\t\t<\/div>\n\t\t\t\t\t<\/div>\n\t\t\t\t<\/div>\n\t\t<div class=\"elementor-element elementor-element-7b207c48 e-con-full e-flex e-con e-child\" data-id=\"7b207c48\" data-element_type=\"container\" data-e-type=\"container\">\n\t\t<div class=\"elementor-element elementor-element-36f6938 e-con-full e-flex e-con e-child\" data-id=\"36f6938\" data-element_type=\"container\" data-e-type=\"container\">\n\t\t\t\t<div class=\"elementor-element elementor-element-28be8f32 elementor-widget elementor-widget-heading\" data-id=\"28be8f32\" data-element_type=\"widget\" data-e-type=\"widget\" data-widget_type=\"heading.default\">\n\t\t\t\t<div class=\"elementor-widget-container\">\n\t\t\t\t\t<h2 class=\"elementor-heading-title elementor-size-default\">Politique<\/h2>\t\t\t\t<\/div>\n\t\t\t\t<\/div>\n\t\t\t\t<\/div>\n\t\t<div class=\"elementor-element elementor-element-62421e8b e-con-full e-flex e-con e-child\" data-id=\"62421e8b\" data-element_type=\"container\" data-e-type=\"container\">\n\t\t\t\t<div class=\"elementor-element elementor-element-132015a9 elementor-widget elementor-widget-heading\" data-id=\"132015a9\" data-element_type=\"widget\" data-e-type=\"widget\" data-widget_type=\"heading.default\">\n\t\t\t\t<div class=\"elementor-widget-container\">\n\t\t\t\t\t<h1 class=\"elementor-heading-title elementor-size-default\">Suisse International<\/h1>\t\t\t\t<\/div>\n\t\t\t\t<\/div>\n\t\t\t\t<div class=\"elementor-element elementor-element-158d05bb elementor-hidden-mobile elementor-widget elementor-widget-heading\" data-id=\"158d05bb\" data-element_type=\"widget\" data-e-type=\"widget\" data-widget_type=\"heading.default\">\n\t\t\t\t<div class=\"elementor-widget-container\">\n\t\t\t\t\t<h2 class=\"elementor-heading-title elementor-size-default\">Pour renforcer la position des Suisses de  l'\u00e9tranger <\/h2>\t\t\t\t<\/div>\n\t\t\t\t<\/div>\n\t\t\t\t<div class=\"elementor-element elementor-element-6a648371 elementor-widget elementor-widget-spacer\" data-id=\"6a648371\" data-element_type=\"widget\" data-e-type=\"widget\" data-widget_type=\"spacer.default\">\n\t\t\t\t<div class=\"elementor-widget-container\">\n\t\t\t\t\t\t\t<div class=\"elementor-spacer\">\n\t\t\t<div class=\"elementor-spacer-inner\"><\/div>\n\t\t<\/div>\n\t\t\t\t\t\t<\/div>\n\t\t\t\t<\/div>\n\t\t\t\t<div class=\"elementor-element elementor-element-50167e9e elementor-widget elementor-widget-text-editor\" data-id=\"50167e9e\" data-element_type=\"widget\" data-e-type=\"widget\" data-widget_type=\"text-editor.default\">\n\t\t\t\t<div class=\"elementor-widget-container\">\n\t\t\t\t\t\t\t\t\t<div class=\"text component\">\r\n<div class=\"text\">\r\n\r\nEnviron 800 000 Suisses, soit 1\/9 des citoyens suisses, vivent \u00e0 l&rsquo;\u00e9tranger. Seuls 220 000 d&rsquo;entre eux ont le droit\r\nde vote, soit environ l&rsquo;\u00e9lectorat du canton de Fribourg, qui \u00e9lit sept conseillers nationaux. Les Suisses de\r\nl&rsquo;\u00e9tranger devraient \u00eatre repr\u00e9sent\u00e9s au Parlement afin de faire valoir non seulement leur point de vue, mais aussi d&rsquo;apporter une contribution concr\u00e8te et constructive \u00e0 l&rsquo;avenir de notre pays.\r\n\r\n<\/div><br><\/div>\t\t\t\t\t\t\t\t<\/div>\n\t\t\t\t<\/div>\n\t\t\t\t<div class=\"elementor-element elementor-element-23c49cdc elementor-widget elementor-widget-text-editor\" data-id=\"23c49cdc\" data-element_type=\"widget\" data-e-type=\"widget\" data-widget_type=\"text-editor.default\">\n\t\t\t\t<div class=\"elementor-widget-container\">\n\t\t\t\t\t\t\t\t\t<p>Nous voulons donc motiver les Suisses de l&rsquo;\u00e9tranger \u00e0 s&rsquo;inscrire sur le registre \u00e9lectoral. Au niveau f\u00e9d\u00e9ral et cantonal, des comp\u00e9tences concr\u00e8tes devraient \u00eatre cr\u00e9\u00e9es afin de maintenir et de d\u00e9velopper la participation d\u00e9mocratique aussi bien en Suisse qu&rsquo;\u00e0 l&rsquo;\u00e9tranger. Les instances comp\u00e9tentes devraient<br \/>\u00e9galement rendre compte r\u00e9guli\u00e8rement de l&rsquo;\u00e9volution des taux de participation dans les diff\u00e9rents domaines ou groupes et pr\u00e9senter des plans d&rsquo;action si n\u00e9cessaire.<\/p>\n\t\t\t\t\t\t\t\t<\/div>\n\t\t\t\t<\/div>\n\t\t\t\t<div class=\"elementor-element elementor-element-1ad6e16 elementor-widget elementor-widget-text-editor\" data-id=\"1ad6e16\" data-element_type=\"widget\" data-e-type=\"widget\" data-widget_type=\"text-editor.default\">\n\t\t\t\t<div class=\"elementor-widget-container\">\n\t\t\t\t\t\t\t\t\t<p>De nombreux Suisses de l&rsquo;\u00e9tranger n\u2018ont pas la possibilit\u00e9 d&rsquo;exercer leurs droits politiques. Nous demandons une identit\u00e9 \u00e9lectronique (e-ID) qui permette non seulement d&rsquo;acc\u00e9der aux services publics, mais aussi de participer \u00e0 la vie politique (e-d\u00e9mocratie). Cela comprend la signature d&rsquo;initiatives (e-collecting), l&rsquo;envoi des cartes \u00e9lectorales (e-versand) et le vote \u00e9lectronique (e-voting).<\/p>\n\t\t\t\t\t\t\t\t<\/div>\n\t\t\t\t<\/div>\n\t\t\t\t<div class=\"elementor-element elementor-element-031b1ae elementor-widget elementor-widget-text-editor\" data-id=\"031b1ae\" data-element_type=\"widget\" data-e-type=\"widget\" data-widget_type=\"text-editor.default\">\n\t\t\t\t<div class=\"elementor-widget-container\">\n\t\t\t\t\t\t\t\t\t<p>La reconnaissance des dipl\u00f4mes, des actes de mariage et de naissance des pays de r\u00e9sidence des Suisses de l&rsquo;\u00e9tranger doit \u00eatre simplifi\u00e9e.<\/p>\n\t\t\t\t\t\t\t\t<\/div>\n\t\t\t\t<\/div>\n\t\t\t\t<div class=\"elementor-element elementor-element-04f7413 elementor-widget elementor-widget-text-editor\" data-id=\"04f7413\" data-element_type=\"widget\" data-e-type=\"widget\" data-widget_type=\"text-editor.default\">\n\t\t\t\t<div class=\"elementor-widget-container\">\n\t\t\t\t\t\t\t\t\t<p>Les institutions des Suisses \u00e0 l&rsquo;\u00e9tranger doivent \u00eatre mieux soutenues. Chaque Suisse \u00e0 l&rsquo;\u00e9tranger doit \u00eatre invit\u00e9 \u00e0 une c\u00e9r\u00e9monie de jeune citoyen afin d&rsquo;\u00eatre int\u00e9gr\u00e9 dans la politique suisse.<\/p>\n\t\t\t\t\t\t\t\t<\/div>\n\t\t\t\t<\/div>\n\t\t\t\t<div class=\"elementor-element elementor-element-6dd0776 elementor-widget elementor-widget-text-editor\" data-id=\"6dd0776\" data-element_type=\"widget\" data-e-type=\"widget\" data-widget_type=\"text-editor.default\">\n\t\t\t\t<div class=\"elementor-widget-container\">\n\t\t\t\t\t\t\t\t\t<p>La libre circulation des personnes avec l&rsquo;UE doit \u00eatre maintenue.<\/p>\n\t\t\t\t\t\t\t\t<\/div>\n\t\t\t\t<\/div>\n\t\t\t\t<div class=\"elementor-element elementor-element-915ead2 elementor-widget elementor-widget-text-editor\" data-id=\"915ead2\" data-element_type=\"widget\" data-e-type=\"widget\" data-widget_type=\"text-editor.default\">\n\t\t\t\t<div class=\"elementor-widget-container\">\n\t\t\t\t\t\t\t\t\t<p>La Suisse doit faciliter les s\u00e9jours temporaires \u00e0 l&rsquo;\u00e9tranger \u00e0 des fins de formation, d&rsquo;\u00e9tudes ou de travail. Trop souvent, nos compatriotes \u00e0 l&rsquo;\u00e9tranger sont confront\u00e9s \u00e0 des tracasseries administratives, par exemple pour acc\u00e9der aux services financiers, aux prestations sociales ou aux assurances. Le retour en<br \/>Suisse est \u00e9galement favoris\u00e9 lorsqu&rsquo;il est encourag\u00e9 et soutenu concr\u00e8tement.<\/p>\n\t\t\t\t\t\t\t\t<\/div>\n\t\t\t\t<\/div>\n\t\t\t\t<div class=\"elementor-element elementor-element-837a8cf elementor-widget elementor-widget-text-editor\" data-id=\"837a8cf\" data-element_type=\"widget\" data-e-type=\"widget\" data-widget_type=\"text-editor.default\">\n\t\t\t\t<div class=\"elementor-widget-container\">\n\t\t\t\t\t\t\t\t\t<p>Le Conseil des Suisses \u00e0 l&rsquo;\u00e9tranger et l&rsquo;Organisation des Suisses \u00e0 l&rsquo;\u00e9tranger (OSE) repr\u00e9sentent les int\u00e9r\u00eats de la Cinqui\u00e8me Suisse. Le r\u00f4le de l&rsquo;OSE et ses objectifs doivent \u00eatre mieux d\u00e9finis et des moyens concrets<br \/>doivent lui \u00eatre allou\u00e9s pour ses activit\u00e9s. Cette t\u00e2che ne peut \u00eatre accomplie sans l\u00e9gitimit\u00e9, celle-ci ne<br \/>pouvant \u00eatre obtenue que par l&rsquo;\u00e9lection directe des d\u00e9l\u00e9gu\u00e9s par les Suisses de l&rsquo;\u00e9tranger. Contrairement<br \/>au mod\u00e8le actuel, un conseil \u00e9lu au suffrage direct correspondrait \u00e0 l&rsquo;esprit de notre syst\u00e8me de<br \/>d\u00e9mocratie directe. Le Conseil des Suisses de l&rsquo;\u00e9tranger doit \u00eatre \u00e9lu directement par tous les Suisses de l&rsquo;\u00e9tranger.<\/p>\n\t\t\t\t\t\t\t\t<\/div>\n\t\t\t\t<\/div>\n\t\t\t\t<\/div>\n\t\t\t\t<\/div>\n\t\t\t\t\t<\/div>\n\t\t\t\t<\/div>\n\t\t\t\t<\/div>\n\t\t\t\t<\/div>\n\t\t","protected":false},"excerpt":{"rendered":"<p>Politique Suisse International Pour renforcer la position des Suisses de l&rsquo;\u00e9tranger Environ 800 000 Suisses, soit 1\/9 des citoyens suisses, vivent \u00e0 l&rsquo;\u00e9tranger. Seuls 220 000 d&rsquo;entre eux ont le droit de vote, soit environ l&rsquo;\u00e9lectorat du canton de Fribourg, qui \u00e9lit sept conseillers nationaux. Les Suisses de l&rsquo;\u00e9tranger devraient \u00eatre repr\u00e9sent\u00e9s au Parlement afin [&hellip;]<\/p>\n","protected":false},"author":74,"featured_media":0,"parent":16432,"menu_order":0,"comment_status":"closed","ping_status":"closed","template":"","meta":{"footnotes":""},"class_list":["post-25423","page","type-page","status-publish","hentry"],"_links":{"self":[{"href":"https:\/\/international.bi.glpch2.dev\/fr\/wp-json\/wp\/v2\/pages\/25423","targetHints":{"allow":["GET"]}}],"collection":[{"href":"https:\/\/international.bi.glpch2.dev\/fr\/wp-json\/wp\/v2\/pages"}],"about":[{"href":"https:\/\/international.bi.glpch2.dev\/fr\/wp-json\/wp\/v2\/types\/page"}],"author":[{"embeddable":true,"href":"https:\/\/international.bi.glpch2.dev\/fr\/wp-json\/wp\/v2\/users\/74"}],"replies":[{"embeddable":true,"href":"https:\/\/international.bi.glpch2.dev\/fr\/wp-json\/wp\/v2\/comments?post=25423"}],"version-history":[{"count":0,"href":"https:\/\/international.bi.glpch2.dev\/fr\/wp-json\/wp\/v2\/pages\/25423\/revisions"}],"up":[{"embeddable":true,"href":"https:\/\/international.bi.glpch2.dev\/fr\/wp-json\/wp\/v2\/pages\/16432"}],"wp:attachment":[{"href":"https:\/\/international.bi.glpch2.dev\/fr\/wp-json\/wp\/v2\/media?parent=25423"}],"curies":[{"name":"wp","href":"https:\/\/api.w.org\/{rel}","templated":true}]}}