{"id":25415,"date":"2025-07-13T18:05:17","date_gmt":"2025-07-13T16:05:17","guid":{"rendered":"https:\/\/international.bi.glpch2.dev\/?page_id=25415"},"modified":"2025-08-31T08:45:42","modified_gmt":"2025-08-31T06:45:42","slug":"theme-a-2","status":"publish","type":"page","link":"https:\/\/international.bi.glpch2.dev\/fr\/politique\/themes\/theme-a-2\/","title":{"rendered":"Place \u00e9conomique suisse"},"content":{"rendered":"\t\t<div data-elementor-type=\"wp-page\" data-elementor-id=\"25415\" class=\"elementor elementor-25415 elementor-25414\" data-elementor-post-type=\"page\">\n\t\t\t\t<div class=\"elementor-element elementor-element-62bf200f e-con-full e-flex e-con e-parent\" data-id=\"62bf200f\" data-element_type=\"container\" data-e-type=\"container\">\n\t\t<div class=\"elementor-element elementor-element-2273fb61 e-con-full e-flex e-con e-child\" data-id=\"2273fb61\" data-element_type=\"container\" data-e-type=\"container\" data-settings=\"{&quot;background_background&quot;:&quot;classic&quot;}\">\n\t\t\t\t<\/div>\n\t\t<div class=\"elementor-element elementor-element-3745353 e-flex e-con-boxed e-con e-child\" data-id=\"3745353\" data-element_type=\"container\" data-e-type=\"container\">\n\t\t\t\t\t<div class=\"e-con-inner\">\n\t\t<div class=\"elementor-element elementor-element-34215a0 e-flex e-con-boxed e-con e-child\" data-id=\"34215a0\" data-element_type=\"container\" data-e-type=\"container\">\n\t\t\t\t\t<div class=\"e-con-inner\">\n\t\t\t\t<div class=\"elementor-element elementor-element-64d1467c elementor-widget elementor-widget-jet-breadcrumbs\" data-id=\"64d1467c\" data-element_type=\"widget\" data-e-type=\"widget\" data-widget_type=\"jet-breadcrumbs.default\">\n\t\t\t\t<div class=\"elementor-widget-container\">\n\t\t\t\t\t<div class=\"elementor-jet-breadcrumbs jet-blocks\">\n\t\t<div class=\"jet-breadcrumbs\">\n\t\t<div class=\"jet-breadcrumbs__content\">\n\t\t<div class=\"jet-breadcrumbs__wrap\"><div class=\"jet-breadcrumbs__item\"><a href=\"https:\/\/international.bi.glpch2.dev\/fr\/\" class=\"jet-breadcrumbs__item-link is-home\" rel=\"home\" title=\"\">  <\/a><\/div>\n\t\t<\/div>\n\t\t<\/div>\n\t\t<\/div><\/div>\t\t\t\t<\/div>\n\t\t\t\t<\/div>\n\t\t\t\t\t<\/div>\n\t\t\t\t<\/div>\n\t\t<div class=\"elementor-element elementor-element-7b207c48 e-con-full e-flex e-con e-child\" data-id=\"7b207c48\" data-element_type=\"container\" data-e-type=\"container\">\n\t\t<div class=\"elementor-element elementor-element-36f6938 e-con-full e-flex e-con e-child\" data-id=\"36f6938\" data-element_type=\"container\" data-e-type=\"container\">\n\t\t\t\t<div class=\"elementor-element elementor-element-28be8f32 elementor-widget elementor-widget-heading\" data-id=\"28be8f32\" data-element_type=\"widget\" data-e-type=\"widget\" data-widget_type=\"heading.default\">\n\t\t\t\t<div class=\"elementor-widget-container\">\n\t\t\t\t\t<h2 class=\"elementor-heading-title elementor-size-default\">Politique<\/h2>\t\t\t\t<\/div>\n\t\t\t\t<\/div>\n\t\t\t\t<\/div>\n\t\t<div class=\"elementor-element elementor-element-62421e8b e-con-full e-flex e-con e-child\" data-id=\"62421e8b\" data-element_type=\"container\" data-e-type=\"container\">\n\t\t\t\t<div class=\"elementor-element elementor-element-132015a9 elementor-widget elementor-widget-heading\" data-id=\"132015a9\" data-element_type=\"widget\" data-e-type=\"widget\" data-widget_type=\"heading.default\">\n\t\t\t\t<div class=\"elementor-widget-container\">\n\t\t\t\t\t<h1 class=\"elementor-heading-title elementor-size-default\">Place \u00e9conomique suisse<\/h1>\t\t\t\t<\/div>\n\t\t\t\t<\/div>\n\t\t\t\t<div class=\"elementor-element elementor-element-158d05bb elementor-hidden-mobile elementor-widget elementor-widget-heading\" data-id=\"158d05bb\" data-element_type=\"widget\" data-e-type=\"widget\" data-widget_type=\"heading.default\">\n\t\t\t\t<div class=\"elementor-widget-container\">\n\t\t\t\t\t<h2 class=\"elementor-heading-title elementor-size-default\">Pr\u00e9server et renforcer la place \u00e9conomique <\/h2>\t\t\t\t<\/div>\n\t\t\t\t<\/div>\n\t\t\t\t<div class=\"elementor-element elementor-element-6a648371 elementor-widget elementor-widget-spacer\" data-id=\"6a648371\" data-element_type=\"widget\" data-e-type=\"widget\" data-widget_type=\"spacer.default\">\n\t\t\t\t<div class=\"elementor-widget-container\">\n\t\t\t\t\t\t\t<div class=\"elementor-spacer\">\n\t\t\t<div class=\"elementor-spacer-inner\"><\/div>\n\t\t<\/div>\n\t\t\t\t\t\t<\/div>\n\t\t\t\t<\/div>\n\t\t\t\t<div class=\"elementor-element elementor-element-50167e9e elementor-widget elementor-widget-text-editor\" data-id=\"50167e9e\" data-element_type=\"widget\" data-e-type=\"widget\" data-widget_type=\"text-editor.default\">\n\t\t\t\t<div class=\"elementor-widget-container\">\n\t\t\t\t\t\t\t\t\t<div class=\"text component\">\n<div class=\"text\">\n<p>Une coop\u00e9ration \u00e9troite et constructive avec nos partenaires internationaux sur des questions complexes et dans des situations de crise aigu\u00ebs, telles que la politique financi\u00e8re et \u00e9conomique, mais aussi<br \/>\nsur des questions de durabilit\u00e9 \u00e9cologique, est d&rsquo;une importance primordiale pour la viabilit\u00e9 future de l&rsquo;\u00e9conomie suisse.<\/p>\n<\/div>\n<p><\/div>\n\t\t\t\t\t\t\t\t<\/div>\n\t\t\t\t<\/div>\n\t\t\t\t<div class=\"elementor-element elementor-element-23c49cdc elementor-widget elementor-widget-text-editor\" data-id=\"23c49cdc\" data-element_type=\"widget\" data-e-type=\"widget\" data-widget_type=\"text-editor.default\">\n\t\t\t\t<div class=\"elementor-widget-container\">\n\t\t\t\t\t\t\t\t\t<p>Les Suisses de l&rsquo;\u00e9tranger, qui occupent des positions tr\u00e8s diverses, refl\u00e8tent le march\u00e9 international dans<br \/>nos processus et proc\u00e9dures nationaux. Par leur vois, ils peuvent exercer une influence sur la politique.<\/p>\n\t\t\t\t\t\t\t\t<\/div>\n\t\t\t\t<\/div>\n\t\t\t\t<\/div>\n\t\t\t\t<\/div>\n\t\t\t\t\t<\/div>\n\t\t\t\t<\/div>\n\t\t\t\t<\/div>\n\t\t\t\t<\/div>\n\t\t","protected":false},"excerpt":{"rendered":"<p>Politique Place \u00e9conomique suisse Pr\u00e9server et renforcer la place \u00e9conomique Une coop\u00e9ration \u00e9troite et constructive avec nos partenaires internationaux sur des questions complexes et dans des situations de crise aigu\u00ebs, telles que la politique financi\u00e8re et \u00e9conomique, mais aussi sur des questions de durabilit\u00e9 \u00e9cologique, est d&rsquo;une importance primordiale pour la viabilit\u00e9 future de l&rsquo;\u00e9conomie [&hellip;]<\/p>\n","protected":false},"author":74,"featured_media":0,"parent":16432,"menu_order":0,"comment_status":"closed","ping_status":"closed","template":"","meta":{"footnotes":""},"class_list":["post-25415","page","type-page","status-publish","hentry"],"_links":{"self":[{"href":"https:\/\/international.bi.glpch2.dev\/fr\/wp-json\/wp\/v2\/pages\/25415","targetHints":{"allow":["GET"]}}],"collection":[{"href":"https:\/\/international.bi.glpch2.dev\/fr\/wp-json\/wp\/v2\/pages"}],"about":[{"href":"https:\/\/international.bi.glpch2.dev\/fr\/wp-json\/wp\/v2\/types\/page"}],"author":[{"embeddable":true,"href":"https:\/\/international.bi.glpch2.dev\/fr\/wp-json\/wp\/v2\/users\/74"}],"replies":[{"embeddable":true,"href":"https:\/\/international.bi.glpch2.dev\/fr\/wp-json\/wp\/v2\/comments?post=25415"}],"version-history":[{"count":0,"href":"https:\/\/international.bi.glpch2.dev\/fr\/wp-json\/wp\/v2\/pages\/25415\/revisions"}],"up":[{"embeddable":true,"href":"https:\/\/international.bi.glpch2.dev\/fr\/wp-json\/wp\/v2\/pages\/16432"}],"wp:attachment":[{"href":"https:\/\/international.bi.glpch2.dev\/fr\/wp-json\/wp\/v2\/media?parent=25415"}],"curies":[{"name":"wp","href":"https:\/\/api.w.org\/{rel}","templated":true}]}}