{"id":25411,"date":"2025-07-13T18:04:38","date_gmt":"2025-07-13T16:04:38","guid":{"rendered":"https:\/\/international.bi.glpch2.dev\/?page_id=25411"},"modified":"2025-08-31T08:43:42","modified_gmt":"2025-08-31T06:43:42","slug":"theme-a","status":"publish","type":"page","link":"https:\/\/international.bi.glpch2.dev\/fr\/politique\/themes\/theme-a\/","title":{"rendered":"La place de la formation et de la science"},"content":{"rendered":"\t\t<div data-elementor-type=\"wp-page\" data-elementor-id=\"25411\" class=\"elementor elementor-25411 elementor-25410\" data-elementor-post-type=\"page\">\n\t\t\t\t<div class=\"elementor-element elementor-element-62bf200f e-con-full e-flex e-con e-parent\" data-id=\"62bf200f\" data-element_type=\"container\" data-e-type=\"container\">\n\t\t<div class=\"elementor-element elementor-element-2273fb61 e-con-full e-flex e-con e-child\" data-id=\"2273fb61\" data-element_type=\"container\" data-e-type=\"container\" data-settings=\"{&quot;background_background&quot;:&quot;classic&quot;}\">\n\t\t\t\t<\/div>\n\t\t<div class=\"elementor-element elementor-element-3745353 e-flex e-con-boxed e-con e-child\" data-id=\"3745353\" data-element_type=\"container\" data-e-type=\"container\">\n\t\t\t\t\t<div class=\"e-con-inner\">\n\t\t<div class=\"elementor-element elementor-element-34215a0 e-flex e-con-boxed e-con e-child\" data-id=\"34215a0\" data-element_type=\"container\" data-e-type=\"container\">\n\t\t\t\t\t<div class=\"e-con-inner\">\n\t\t\t\t<div class=\"elementor-element elementor-element-64d1467c elementor-widget elementor-widget-jet-breadcrumbs\" data-id=\"64d1467c\" data-element_type=\"widget\" data-e-type=\"widget\" data-widget_type=\"jet-breadcrumbs.default\">\n\t\t\t\t<div class=\"elementor-widget-container\">\n\t\t\t\t\t<div class=\"elementor-jet-breadcrumbs jet-blocks\">\n\t\t<div class=\"jet-breadcrumbs\">\n\t\t<div class=\"jet-breadcrumbs__content\">\n\t\t<div class=\"jet-breadcrumbs__wrap\"><div class=\"jet-breadcrumbs__item\"><a href=\"https:\/\/international.bi.glpch2.dev\/fr\/\" class=\"jet-breadcrumbs__item-link is-home\" rel=\"home\" title=\"\">  <\/a><\/div>\n\t\t<\/div>\n\t\t<\/div>\n\t\t<\/div><\/div>\t\t\t\t<\/div>\n\t\t\t\t<\/div>\n\t\t\t\t\t<\/div>\n\t\t\t\t<\/div>\n\t\t<div class=\"elementor-element elementor-element-7b207c48 e-con-full e-flex e-con e-child\" data-id=\"7b207c48\" data-element_type=\"container\" data-e-type=\"container\">\n\t\t<div class=\"elementor-element elementor-element-36f6938 e-con-full e-flex e-con e-child\" data-id=\"36f6938\" data-element_type=\"container\" data-e-type=\"container\">\n\t\t\t\t<div class=\"elementor-element elementor-element-28be8f32 elementor-widget elementor-widget-heading\" data-id=\"28be8f32\" data-element_type=\"widget\" data-e-type=\"widget\" data-widget_type=\"heading.default\">\n\t\t\t\t<div class=\"elementor-widget-container\">\n\t\t\t\t\t<h2 class=\"elementor-heading-title elementor-size-default\">Politique<\/h2>\t\t\t\t<\/div>\n\t\t\t\t<\/div>\n\t\t\t\t<\/div>\n\t\t<div class=\"elementor-element elementor-element-62421e8b e-con-full e-flex e-con e-child\" data-id=\"62421e8b\" data-element_type=\"container\" data-e-type=\"container\">\n\t\t\t\t<div class=\"elementor-element elementor-element-132015a9 elementor-widget elementor-widget-heading\" data-id=\"132015a9\" data-element_type=\"widget\" data-e-type=\"widget\" data-widget_type=\"heading.default\">\n\t\t\t\t<div class=\"elementor-widget-container\">\n\t\t\t\t\t<h1 class=\"elementor-heading-title elementor-size-default\">La place de la formation et de la science<\/h1>\t\t\t\t<\/div>\n\t\t\t\t<\/div>\n\t\t\t\t<div class=\"elementor-element elementor-element-158d05bb elementor-hidden-mobile elementor-widget elementor-widget-heading\" data-id=\"158d05bb\" data-element_type=\"widget\" data-e-type=\"widget\" data-widget_type=\"heading.default\">\n\t\t\t\t<div class=\"elementor-widget-container\">\n\t\t\t\t\t<h2 class=\"elementor-heading-title elementor-size-default\">Renforcer la place de la Suisse dans les domaines de la formation et de la science <\/h2>\t\t\t\t<\/div>\n\t\t\t\t<\/div>\n\t\t\t\t<div class=\"elementor-element elementor-element-6a648371 elementor-widget elementor-widget-spacer\" data-id=\"6a648371\" data-element_type=\"widget\" data-e-type=\"widget\" data-widget_type=\"spacer.default\">\n\t\t\t\t<div class=\"elementor-widget-container\">\n\t\t\t\t\t\t\t<div class=\"elementor-spacer\">\n\t\t\t<div class=\"elementor-spacer-inner\"><\/div>\n\t\t<\/div>\n\t\t\t\t\t\t<\/div>\n\t\t\t\t<\/div>\n\t\t\t\t<div class=\"elementor-element elementor-element-50167e9e elementor-widget elementor-widget-text-editor\" data-id=\"50167e9e\" data-element_type=\"widget\" data-e-type=\"widget\" data-widget_type=\"text-editor.default\">\n\t\t\t\t<div class=\"elementor-widget-container\">\n\t\t\t\t\t\t\t\t\t<div class=\"text component\">\n<p>&nbsp;<\/p>\n<div class=\"text\">\n<p>La Suisse doit sa prosp\u00e9rit\u00e9 \u00e0 sa capacit\u00e9 d&rsquo;innovation et \u00e0 son esprit d&rsquo;entreprise. En tant que p\u00f4le d&rsquo;\u00e9ducation et de science, la Suisse influence la communaut\u00e9 internationale qui l&rsquo;entoure par ses id\u00e9es et b\u00e9n\u00e9ficie des impulsions et du savoir-faire global en mati\u00e8re de recherche et de science. Ceux-ci ne peuvent se d\u00e9velopper de mani\u00e8re isol\u00e9e. En tant que Suisses de l&rsquo;\u00e9tranger, nous voyons un rapport entre l&rsquo;isolement croissant dans les domaines de l&rsquo;\u00e9ducation et de la recherche (Horizon Europe, Erasmus, etc.) et l\u2019importance d\u00e9cisive  de pr\u00e9server les atouts traditionnels de la Suisse : \u00e9ducation, science, recherche et innovation. C&rsquo;est pourquoi PVL International s&rsquo;engage en faveur d&rsquo;un p\u00f4le universitaire et de recherche comp\u00e9titif  connect\u00e9 au-del\u00e0 de l\u2019Europe et qui soit un moteur essentiel pour faire progresser la recherche et le d\u00e9veloppement communs <\/p>\n<\/div>\n<p><\/div>\n\t\t\t\t\t\t\t\t<\/div>\n\t\t\t\t<\/div>\n\t\t\t\t<\/div>\n\t\t\t\t<\/div>\n\t\t\t\t\t<\/div>\n\t\t\t\t<\/div>\n\t\t\t\t<\/div>\n\t\t\t\t<\/div>\n\t\t","protected":false},"excerpt":{"rendered":"<p>Politique La place de la formation et de la science Renforcer la place de la Suisse dans les domaines de la formation et de la science &nbsp; La Suisse doit sa prosp\u00e9rit\u00e9 \u00e0 sa capacit\u00e9 d&rsquo;innovation et \u00e0 son esprit d&rsquo;entreprise. En tant que p\u00f4le d&rsquo;\u00e9ducation et de science, la Suisse influence la communaut\u00e9 internationale [&hellip;]<\/p>\n","protected":false},"author":74,"featured_media":0,"parent":16432,"menu_order":0,"comment_status":"closed","ping_status":"closed","template":"","meta":{"footnotes":""},"class_list":["post-25411","page","type-page","status-publish","hentry"],"_links":{"self":[{"href":"https:\/\/international.bi.glpch2.dev\/fr\/wp-json\/wp\/v2\/pages\/25411","targetHints":{"allow":["GET"]}}],"collection":[{"href":"https:\/\/international.bi.glpch2.dev\/fr\/wp-json\/wp\/v2\/pages"}],"about":[{"href":"https:\/\/international.bi.glpch2.dev\/fr\/wp-json\/wp\/v2\/types\/page"}],"author":[{"embeddable":true,"href":"https:\/\/international.bi.glpch2.dev\/fr\/wp-json\/wp\/v2\/users\/74"}],"replies":[{"embeddable":true,"href":"https:\/\/international.bi.glpch2.dev\/fr\/wp-json\/wp\/v2\/comments?post=25411"}],"version-history":[{"count":0,"href":"https:\/\/international.bi.glpch2.dev\/fr\/wp-json\/wp\/v2\/pages\/25411\/revisions"}],"up":[{"embeddable":true,"href":"https:\/\/international.bi.glpch2.dev\/fr\/wp-json\/wp\/v2\/pages\/16432"}],"wp:attachment":[{"href":"https:\/\/international.bi.glpch2.dev\/fr\/wp-json\/wp\/v2\/media?parent=25411"}],"curies":[{"name":"wp","href":"https:\/\/api.w.org\/{rel}","templated":true}]}}