{"id":24769,"date":"2024-12-10T14:22:55","date_gmt":"2024-12-10T13:22:55","guid":{"rendered":"https:\/\/international.bi.glpch2.dev\/?page_id=24769"},"modified":"2025-08-31T08:49:43","modified_gmt":"2025-08-31T06:49:43","slug":"theme-b","status":"publish","type":"page","link":"https:\/\/international.bi.glpch2.dev\/fr\/politique\/themes\/theme-b\/","title":{"rendered":"Politique \u00e9trang\u00e8re ouverte"},"content":{"rendered":"\t\t<div data-elementor-type=\"wp-page\" data-elementor-id=\"24769\" class=\"elementor elementor-24769 elementor-24768\" data-elementor-post-type=\"page\">\n\t\t\t\t<div class=\"elementor-element elementor-element-62bf200f e-con-full e-flex e-con e-parent\" data-id=\"62bf200f\" data-element_type=\"container\" data-e-type=\"container\">\n\t\t<div class=\"elementor-element elementor-element-2273fb61 e-con-full e-flex e-con e-child\" data-id=\"2273fb61\" data-element_type=\"container\" data-e-type=\"container\" data-settings=\"{&quot;background_background&quot;:&quot;classic&quot;}\">\n\t\t\t\t<\/div>\n\t\t<div class=\"elementor-element elementor-element-3745353 e-flex e-con-boxed e-con e-child\" data-id=\"3745353\" data-element_type=\"container\" data-e-type=\"container\">\n\t\t\t\t\t<div class=\"e-con-inner\">\n\t\t<div class=\"elementor-element elementor-element-34215a0 e-flex e-con-boxed e-con e-child\" data-id=\"34215a0\" data-element_type=\"container\" data-e-type=\"container\">\n\t\t\t\t\t<div class=\"e-con-inner\">\n\t\t\t\t<div class=\"elementor-element elementor-element-64d1467c elementor-widget elementor-widget-jet-breadcrumbs\" data-id=\"64d1467c\" data-element_type=\"widget\" data-e-type=\"widget\" data-widget_type=\"jet-breadcrumbs.default\">\n\t\t\t\t<div class=\"elementor-widget-container\">\n\t\t\t\t\t<div class=\"elementor-jet-breadcrumbs jet-blocks\">\n\t\t<div class=\"jet-breadcrumbs\">\n\t\t<div class=\"jet-breadcrumbs__content\">\n\t\t<div class=\"jet-breadcrumbs__wrap\"><div class=\"jet-breadcrumbs__item\"><a href=\"https:\/\/international.bi.glpch2.dev\/fr\/\" class=\"jet-breadcrumbs__item-link is-home\" rel=\"home\" title=\"\">  <\/a><\/div>\n\t\t<\/div>\n\t\t<\/div>\n\t\t<\/div><\/div>\t\t\t\t<\/div>\n\t\t\t\t<\/div>\n\t\t\t\t\t<\/div>\n\t\t\t\t<\/div>\n\t\t<div class=\"elementor-element elementor-element-7b207c48 e-con-full e-flex e-con e-child\" data-id=\"7b207c48\" data-element_type=\"container\" data-e-type=\"container\">\n\t\t<div class=\"elementor-element elementor-element-36f6938 e-con-full e-flex e-con e-child\" data-id=\"36f6938\" data-element_type=\"container\" data-e-type=\"container\">\n\t\t\t\t<div class=\"elementor-element elementor-element-28be8f32 elementor-widget elementor-widget-heading\" data-id=\"28be8f32\" data-element_type=\"widget\" data-e-type=\"widget\" data-widget_type=\"heading.default\">\n\t\t\t\t<div class=\"elementor-widget-container\">\n\t\t\t\t\t<h2 class=\"elementor-heading-title elementor-size-default\">Politique<\/h2>\t\t\t\t<\/div>\n\t\t\t\t<\/div>\n\t\t\t\t<\/div>\n\t\t<div class=\"elementor-element elementor-element-62421e8b e-con-full e-flex e-con e-child\" data-id=\"62421e8b\" data-element_type=\"container\" data-e-type=\"container\">\n\t\t\t\t<div class=\"elementor-element elementor-element-132015a9 elementor-widget elementor-widget-heading\" data-id=\"132015a9\" data-element_type=\"widget\" data-e-type=\"widget\" data-widget_type=\"heading.default\">\n\t\t\t\t<div class=\"elementor-widget-container\">\n\t\t\t\t\t<h1 class=\"elementor-heading-title elementor-size-default\">Politique \u00e9trang\u00e8re ouverte<\/h1>\t\t\t\t<\/div>\n\t\t\t\t<\/div>\n\t\t\t\t<div class=\"elementor-element elementor-element-158d05bb elementor-hidden-mobile elementor-widget elementor-widget-heading\" data-id=\"158d05bb\" data-element_type=\"widget\" data-e-type=\"widget\" data-widget_type=\"heading.default\">\n\t\t\t\t<div class=\"elementor-widget-container\">\n\t\t\t\t\t<h2 class=\"elementor-heading-title elementor-size-default\"><strong>Pour une Suisse ouverte et connect\u00e9e au  c\u0153ur de l'Europe<\/strong><\/h2>\t\t\t\t<\/div>\n\t\t\t\t<\/div>\n\t\t\t\t<div class=\"elementor-element elementor-element-6a648371 elementor-widget elementor-widget-spacer\" data-id=\"6a648371\" data-element_type=\"widget\" data-e-type=\"widget\" data-widget_type=\"spacer.default\">\n\t\t\t\t<div class=\"elementor-widget-container\">\n\t\t\t\t\t\t\t<div class=\"elementor-spacer\">\n\t\t\t<div class=\"elementor-spacer-inner\"><\/div>\n\t\t<\/div>\n\t\t\t\t\t\t<\/div>\n\t\t\t\t<\/div>\n\t\t\t\t<div class=\"elementor-element elementor-element-50167e9e elementor-widget elementor-widget-text-editor\" data-id=\"50167e9e\" data-element_type=\"widget\" data-e-type=\"widget\" data-widget_type=\"text-editor.default\">\n\t\t\t\t<div class=\"elementor-widget-container\">\n\t\t\t\t\t\t\t\t\t<div class=\"text component\">\n<div class=\"text\">\n<p>Le PVL International s&rsquo;engage pour une Suisse optimiste et tourn\u00e9e vers l&rsquo;avenir. Situ\u00e9e au c\u0153ur de l&rsquo;Europe, la Suisse a besoin de relations \u00e9tablies et pragmatiques avec ses pays voisins. Le blocage actuel \u00e9tant de plus en<br \/>\nplus insoutenable, la Suisse a besoin d&rsquo;un accord avec l&rsquo;UE, tel qu&rsquo;une adh\u00e9sion \u00e0 l&rsquo;EEE. Cela permettrait de<br \/>\ncadrer les probl\u00e8mes politiques dans une relation fond\u00e9e sur les principes de l&rsquo;\u00c9tat de droit, ce qui serait<br \/>\nparticuli\u00e8rement avantageux pour le plus petit partenaire qu\u2019est la Suisse.\n<\/p><\/div>\n<p><\/div>\n\t\t\t\t\t\t\t\t<\/div>\n\t\t\t\t<\/div>\n\t\t\t\t<div class=\"elementor-element elementor-element-23c49cdc elementor-widget elementor-widget-text-editor\" data-id=\"23c49cdc\" data-element_type=\"widget\" data-e-type=\"widget\" data-widget_type=\"text-editor.default\">\n\t\t\t\t<div class=\"elementor-widget-container\">\n\t\t\t\t\t\t\t\t\t<p>La libre circulation des personnes permet \u00e0 pr\u00e8s d&rsquo;un demi-million de Suisses de travailler, d&rsquo;\u00e9tudier, de <br \/>vivre avec leur partenaire ou de passer leur retraite dans l&rsquo;UE. Ils contribuent ainsi au rayonnement de <br \/>la Suisse et favorisent l&rsquo;\u00e9change d&rsquo;id\u00e9es. La Suisse a \u00e9galement besoin d&rsquo;une main-d&rsquo;\u0153uvre sp\u00e9cialis\u00e9e pour <br \/>garantir la qualit\u00e9 de vie dans le pays, par exemple dans le secteur de la sant\u00e9, mais aussi pour permettre la <br \/>croissance des entreprises suisses et assurer la prosp\u00e9rit\u00e9 du pays. <\/p>\n\t\t\t\t\t\t\t\t<\/div>\n\t\t\t\t<\/div>\n\t\t\t\t<div class=\"elementor-element elementor-element-1ad6e16 elementor-widget elementor-widget-text-editor\" data-id=\"1ad6e16\" data-element_type=\"widget\" data-e-type=\"widget\" data-widget_type=\"text-editor.default\">\n\t\t\t\t<div class=\"elementor-widget-container\">\n\t\t\t\t\t\t\t\t\t<p>En tant que mod\u00e8le international de d\u00e9mocratie participative, la Suisse doit se positionner clairement contre les attaques visant partout  les d\u00e9mocraties \u00e9tablies. Il est \u00e9galement dans l&rsquo;int\u00e9r\u00eat de sa propre <br \/>s\u00e9curit\u00e9 et de ses partenariats internationaux de d\u00e9velopper une conception moderne de la neutralit\u00e9 <br \/>de la Suisse.  <\/p>\n\t\t\t\t\t\t\t\t<\/div>\n\t\t\t\t<\/div>\n\t\t\t\t<div class=\"elementor-element elementor-element-031b1ae elementor-widget elementor-widget-text-editor\" data-id=\"031b1ae\" data-element_type=\"widget\" data-e-type=\"widget\" data-widget_type=\"text-editor.default\">\n\t\t\t\t<div class=\"elementor-widget-container\">\n\t\t\t\t\t\t\t\t\t<p>Le PVL International d\u00e9fend r\u00e9solument l&rsquo;\u00e9galit\u00e9 entre les hommes et les femmes ainsi que la diversit\u00e9 des modes de vie et des identit\u00e9s.<\/p>\n\t\t\t\t\t\t\t\t<\/div>\n\t\t\t\t<\/div>\n\t\t\t\t<\/div>\n\t\t\t\t<\/div>\n\t\t\t\t\t<\/div>\n\t\t\t\t<\/div>\n\t\t\t\t<\/div>\n\t\t\t\t<\/div>\n\t\t","protected":false},"excerpt":{"rendered":"<p>Politique Politique \u00e9trang\u00e8re ouverte Pour une Suisse ouverte et connect\u00e9e au c\u0153ur de l&rsquo;Europe Le PVL International s&rsquo;engage pour une Suisse optimiste et tourn\u00e9e vers l&rsquo;avenir. Situ\u00e9e au c\u0153ur de l&rsquo;Europe, la Suisse a besoin de relations \u00e9tablies et pragmatiques avec ses pays voisins. Le blocage actuel \u00e9tant de plus en plus insoutenable, la Suisse [&hellip;]<\/p>\n","protected":false},"author":1,"featured_media":0,"parent":16432,"menu_order":0,"comment_status":"closed","ping_status":"closed","template":"","meta":{"footnotes":""},"class_list":["post-24769","page","type-page","status-publish","hentry"],"_links":{"self":[{"href":"https:\/\/international.bi.glpch2.dev\/fr\/wp-json\/wp\/v2\/pages\/24769","targetHints":{"allow":["GET"]}}],"collection":[{"href":"https:\/\/international.bi.glpch2.dev\/fr\/wp-json\/wp\/v2\/pages"}],"about":[{"href":"https:\/\/international.bi.glpch2.dev\/fr\/wp-json\/wp\/v2\/types\/page"}],"author":[{"embeddable":true,"href":"https:\/\/international.bi.glpch2.dev\/fr\/wp-json\/wp\/v2\/users\/1"}],"replies":[{"embeddable":true,"href":"https:\/\/international.bi.glpch2.dev\/fr\/wp-json\/wp\/v2\/comments?post=24769"}],"version-history":[{"count":0,"href":"https:\/\/international.bi.glpch2.dev\/fr\/wp-json\/wp\/v2\/pages\/24769\/revisions"}],"up":[{"embeddable":true,"href":"https:\/\/international.bi.glpch2.dev\/fr\/wp-json\/wp\/v2\/pages\/16432"}],"wp:attachment":[{"href":"https:\/\/international.bi.glpch2.dev\/fr\/wp-json\/wp\/v2\/media?parent=24769"}],"curies":[{"name":"wp","href":"https:\/\/api.w.org\/{rel}","templated":true}]}}