{"id":14685,"date":"2024-09-04T00:00:29","date_gmt":"2024-09-03T22:00:29","guid":{"rendered":"https:\/\/international.bi.glpch2.dev\/agenda\/"},"modified":"2025-08-31T09:21:19","modified_gmt":"2025-08-31T07:21:19","slug":"agenda","status":"publish","type":"page","link":"https:\/\/international.bi.glpch2.dev\/fr\/agenda\/","title":{"rendered":"Agenda"},"content":{"rendered":"\t\t<div data-elementor-type=\"wp-page\" data-elementor-id=\"14685\" class=\"elementor elementor-14685 elementor-13478\" data-elementor-post-type=\"page\">\n\t\t\t\t<div class=\"elementor-element elementor-element-658ef0c2 e-con-full e-flex e-con e-parent\" data-id=\"658ef0c2\" data-element_type=\"container\" data-e-type=\"container\">\n\t\t<div class=\"elementor-element elementor-element-27362314 e-con-full e-flex e-con e-child\" data-id=\"27362314\" data-element_type=\"container\" data-e-type=\"container\" data-settings=\"{&quot;background_background&quot;:&quot;classic&quot;}\">\n\t\t\t\t<\/div>\n\t\t<div class=\"elementor-element elementor-element-79352e3 e-flex e-con-boxed e-con e-child\" data-id=\"79352e3\" data-element_type=\"container\" data-e-type=\"container\">\n\t\t\t\t\t<div class=\"e-con-inner\">\n\t\t<div class=\"elementor-element elementor-element-3ca1927f e-flex e-con-boxed e-con e-child\" data-id=\"3ca1927f\" data-element_type=\"container\" data-e-type=\"container\">\n\t\t\t\t\t<div class=\"e-con-inner\">\n\t\t\t\t<div class=\"elementor-element elementor-element-472437ef elementor-widget elementor-widget-jet-breadcrumbs\" data-id=\"472437ef\" data-element_type=\"widget\" data-e-type=\"widget\" data-widget_type=\"jet-breadcrumbs.default\">\n\t\t\t\t<div class=\"elementor-widget-container\">\n\t\t\t\t\t<div class=\"elementor-jet-breadcrumbs jet-blocks\">\n\t\t<div class=\"jet-breadcrumbs\">\n\t\t<div class=\"jet-breadcrumbs__content\">\n\t\t<div class=\"jet-breadcrumbs__wrap\"><div class=\"jet-breadcrumbs__item\"><a href=\"https:\/\/international.bi.glpch2.dev\/fr\/\" class=\"jet-breadcrumbs__item-link is-home\" rel=\"home\" title=\"\">  <\/a><\/div>\n\t\t<\/div>\n\t\t<\/div>\n\t\t<\/div><\/div>\t\t\t\t<\/div>\n\t\t\t\t<\/div>\n\t\t\t\t\t<\/div>\n\t\t\t\t<\/div>\n\t\t<div class=\"elementor-element elementor-element-72df8302 e-con-full e-flex e-con e-child\" data-id=\"72df8302\" data-element_type=\"container\" data-e-type=\"container\">\n\t\t<div class=\"elementor-element elementor-element-4bdf33c3 e-con-full e-flex e-con e-child\" data-id=\"4bdf33c3\" data-element_type=\"container\" data-e-type=\"container\">\n\t\t\t\t<div class=\"elementor-element elementor-element-1d6d83bb elementor-widget elementor-widget-heading\" data-id=\"1d6d83bb\" data-element_type=\"widget\" data-e-type=\"widget\" data-widget_type=\"heading.default\">\n\t\t\t\t<div class=\"elementor-widget-container\">\n\t\t\t\t\t<h2 class=\"elementor-heading-title elementor-size-default\">Agenda<\/h2>\t\t\t\t<\/div>\n\t\t\t\t<\/div>\n\t\t\t\t<\/div>\n\t\t<div class=\"elementor-element elementor-element-45c778ff e-con-full e-flex e-con e-child\" data-id=\"45c778ff\" data-element_type=\"container\" data-e-type=\"container\">\n\t\t\t\t<div class=\"elementor-element elementor-element-7da555a elementor-widget elementor-widget-etn-upcoming-expire-tab\" data-id=\"7da555a\" data-element_type=\"widget\" data-e-type=\"widget\" data-widget_type=\"etn-upcoming-expire-tab.default\">\n\t\t\t\t<div class=\"elementor-widget-container\">\n\t\t\t\t\t<!-- schedule tab start -->\n<div class=\"event-tab-wrapper etn-tab-wrapper event-tab-1\">\n\t<ul class='etn-nav'>\n\t\t\t\t\t\t\t\t<li>\n\t\t\t\t\t\t\t\t<a href='#' class='etn-tab-a etn-active' data-id='tab7da555a-1'>\n\t\t\t\t\t\t\t\t\t\tTous les\t\t\t\t\t\t\t\t<\/a>\n\t\t\t\t\t\t<\/li>\n\t\t\t\t\t\t\t<\/ul>\n\n\t<div class='etn-tab-content clearfix etn-schedule-wrap'>\n\t\t\t\t\t\t\t<div class=\"etn-tab tab-active\" data-id='tab7da555a-1'>\n\t\t\t\t\t\t\t<div class='etn-row etn-event-wrapper'>\n        <div class=\"etn-col-md-6 etn-col-lg-6\">\n        <div class=\"etn-event-item\">\n            <!-- thumbnail -->\n            <div class=\"etn-event-thumb\">\n                                    <a\n                        href=\"https:\/\/international.bi.glpch2.dev\/fr\/etn\/jour-fixe-dimanche-du-vote-2\/\"\n                        aria-label=\"Agenda\"\n                    >\n                        <img decoding=\"async\" data-src=\"https:\/\/international.bi.glpch2.dev\/wp-content\/uploads\/sites\/10\/2024\/11\/Bundeshaus-e1730820758739.webp\" alt=\"Image\" src=\"data:image\/svg+xml;base64,PHN2ZyB3aWR0aD0iMSIgaGVpZ2h0PSIxIiB4bWxucz0iaHR0cDovL3d3dy53My5vcmcvMjAwMC9zdmciPjwvc3ZnPg==\" class=\"lazyload\" style=\"--smush-placeholder-width: 2560px; --smush-placeholder-aspect-ratio: 2560\/601;\">\n                    <\/a>\n                \n                <div class=\"etn-event-category\">\n                    <span>Jour Fixe<\/span>                 <\/div>\n                            <\/div>\n            <!-- thumbnail start-->\n\n            <!-- content start-->\n            <div class=\"etn-event-content\">\n                                                            <div class=\"etn-event-location\">\n                            <i class=\"etn-icon etn-location\"><\/i>\n                            Online                        <\/div>\n                    \n                \n                <h3 class=\"etn-title etn-event-title\"><a href=\"https:\/\/international.bi.glpch2.dev\/fr\/etn\/jour-fixe-dimanche-du-vote-2\/\">\n                    Jour Fixe \u2013 dimanche du vote<\/a>\n                <\/h3>\n                                    <p>\n                        \u00c9change sur les votes pour les personnes int\u00e9ress\u00e9es                    <\/p>\n                \n                <div class=\"etn-event-footer\">\n                    <div class=\"etn-event-date\">\n                        \t\t\t<span>\n\t\t\t\t<i class=\"etn-icon etn-calendar\"><\/i>\n\t\t\t\t14 juin 2026\t\t\t<\/span>\n\t\t                    <\/div>\n                    <div class=\"etn-atend-btn\">\n                                                <a href=\"https:\/\/international.bi.glpch2.dev\/fr\/etn\/jour-fixe-dimanche-du-vote-2\/\" class=\"etn-btn etn-btn-border\"\n                            title=\"Jour Fixe \u2013 dimanche du vote\">Attend                            <i class=\"etn-icon etm-arrow-right\"><\/i><\/a>\n                                            <\/div>\n                <\/div>\n            <\/div>\n                        <!-- content end-->\n        <\/div>\n        <!-- etn event item end-->\n    <\/div>\n        <div class=\"etn-col-md-6 etn-col-lg-6\">\n        <div class=\"etn-event-item\">\n            <!-- thumbnail -->\n            <div class=\"etn-event-thumb\">\n                                    <a\n                        href=\"https:\/\/international.bi.glpch2.dev\/fr\/etn\/jour-fixe-dimanche-du-vote\/\"\n                        aria-label=\"Agenda\"\n                    >\n                        <img decoding=\"async\" data-src=\"https:\/\/international.bi.glpch2.dev\/wp-content\/uploads\/sites\/10\/2024\/11\/Bundeshaus-e1730820758739.webp\" alt=\"Image\" src=\"data:image\/svg+xml;base64,PHN2ZyB3aWR0aD0iMSIgaGVpZ2h0PSIxIiB4bWxucz0iaHR0cDovL3d3dy53My5vcmcvMjAwMC9zdmciPjwvc3ZnPg==\" class=\"lazyload\" style=\"--smush-placeholder-width: 2560px; --smush-placeholder-aspect-ratio: 2560\/601;\">\n                    <\/a>\n                \n                <div class=\"etn-event-category\">\n                    <span>Jour Fixe<\/span>                 <\/div>\n                            <\/div>\n            <!-- thumbnail start-->\n\n            <!-- content start-->\n            <div class=\"etn-event-content\">\n                                                            <div class=\"etn-event-location\">\n                            <i class=\"etn-icon etn-location\"><\/i>\n                            Online                        <\/div>\n                    \n                \n                <h3 class=\"etn-title etn-event-title\"><a href=\"https:\/\/international.bi.glpch2.dev\/fr\/etn\/jour-fixe-dimanche-du-vote\/\">\n                    Jour Fixe \u2013 dimanche du vote<\/a>\n                <\/h3>\n                                    <p>\n                        \u00c9change sur les votes pour les personnes int\u00e9ress\u00e9es                    <\/p>\n                \n                <div class=\"etn-event-footer\">\n                    <div class=\"etn-event-date\">\n                        \t\t\t<span>\n\t\t\t\t<i class=\"etn-icon etn-calendar\"><\/i>\n\t\t\t\t8 mars 2026\t\t\t<\/span>\n\t\t                    <\/div>\n                    <div class=\"etn-atend-btn\">\n                                                <a href=\"#\"  class=\"etn-btn etn-btn-border etn-event-expired\">Expired! <\/a>\n                                            <\/div>\n                <\/div>\n            <\/div>\n                        <!-- content end-->\n        <\/div>\n        <!-- etn event item end-->\n    <\/div>\n        <div class=\"etn-col-md-6 etn-col-lg-6\">\n        <div class=\"etn-event-item\">\n            <!-- thumbnail -->\n            <div class=\"etn-event-thumb\">\n                                    <a\n                        href=\"https:\/\/international.bi.glpch2.dev\/fr\/etn\/jour-fixe-avec-theme-principal-le-id\/\"\n                        aria-label=\"Agenda\"\n                    >\n                        <img decoding=\"async\" data-src=\"https:\/\/international.bi.glpch2.dev\/wp-content\/uploads\/sites\/10\/2024\/11\/Bundeshaus-e1730820758739.webp\" alt=\"Image\" src=\"data:image\/svg+xml;base64,PHN2ZyB3aWR0aD0iMSIgaGVpZ2h0PSIxIiB4bWxucz0iaHR0cDovL3d3dy53My5vcmcvMjAwMC9zdmciPjwvc3ZnPg==\" class=\"lazyload\" style=\"--smush-placeholder-width: 2560px; --smush-placeholder-aspect-ratio: 2560\/601;\">\n                    <\/a>\n                \n                <div class=\"etn-event-category\">\n                    <span>Jour Fixe<\/span>                 <\/div>\n                            <\/div>\n            <!-- thumbnail start-->\n\n            <!-- content start-->\n            <div class=\"etn-event-content\">\n                                                            <div class=\"etn-event-location\">\n                            <i class=\"etn-icon etn-location\"><\/i>\n                            Online                        <\/div>\n                    \n                \n                <h3 class=\"etn-title etn-event-title\"><a href=\"https:\/\/international.bi.glpch2.dev\/fr\/etn\/jour-fixe-avec-theme-principal-le-id\/\">\n                    Jour Fixe \u2013 avec th\u00e8me principal l\u2019e-ID<\/a>\n                <\/h3>\n                                    <p>\n                        Chers membres et personnes int\u00e9ress\u00e9es par le PVL International\u00a0 \u00a0 Vous avez\u00a0fort probablement\u00a0d\u00e9j\u00e0 re\u00e7u les documents de vote pour le                    <\/p>\n                \n                <div class=\"etn-event-footer\">\n                    <div class=\"etn-event-date\">\n                        \t\t\t<span>\n\t\t\t\t<i class=\"etn-icon etn-calendar\"><\/i>\n\t\t\t\t28 septembre 2025\t\t\t<\/span>\n\t\t                    <\/div>\n                    <div class=\"etn-atend-btn\">\n                                                <a href=\"#\"  class=\"etn-btn etn-btn-border etn-event-expired\">Expired! <\/a>\n                                            <\/div>\n                <\/div>\n            <\/div>\n                        <!-- content end-->\n        <\/div>\n        <!-- etn event item end-->\n    <\/div>\n        <div class=\"etn-col-md-6 etn-col-lg-6\">\n        <div class=\"etn-event-item\">\n            <!-- thumbnail -->\n            <div class=\"etn-event-thumb\">\n                                    <a\n                        href=\"https:\/\/international.bi.glpch2.dev\/fr\/etn\/assemblee-generale-2\/\"\n                        aria-label=\"Agenda\"\n                    >\n                        <img decoding=\"async\" data-src=\"https:\/\/international.bi.glpch2.dev\/wp-content\/uploads\/sites\/10\/2024\/11\/Bundeshaus-e1730820758739.webp\" alt=\"Image\" src=\"data:image\/svg+xml;base64,PHN2ZyB3aWR0aD0iMSIgaGVpZ2h0PSIxIiB4bWxucz0iaHR0cDovL3d3dy53My5vcmcvMjAwMC9zdmciPjwvc3ZnPg==\" class=\"lazyload\" style=\"--smush-placeholder-width: 2560px; --smush-placeholder-aspect-ratio: 2560\/601;\">\n                    <\/a>\n                \n                <div class=\"etn-event-category\">\n                    <span>Jour Fixe<\/span>                 <\/div>\n                            <\/div>\n            <!-- thumbnail start-->\n\n            <!-- content start-->\n            <div class=\"etn-event-content\">\n                                                            <div class=\"etn-event-location\">\n                            <i class=\"etn-icon etn-location\"><\/i>\n                            Online                        <\/div>\n                    \n                \n                <h3 class=\"etn-title etn-event-title\"><a href=\"https:\/\/international.bi.glpch2.dev\/fr\/etn\/assemblee-generale-2\/\">\n                    Jour Fixe \u2013 dimanche du vote<\/a>\n                <\/h3>\n                                    <p>\n                        \u00c9change sur les votes pour les personnes int\u00e9ress\u00e9es                    <\/p>\n                \n                <div class=\"etn-event-footer\">\n                    <div class=\"etn-event-date\">\n                        \t\t\t<span>\n\t\t\t\t<i class=\"etn-icon etn-calendar\"><\/i>\n\t\t\t\t30 novembre 2025\t\t\t<\/span>\n\t\t                    <\/div>\n                    <div class=\"etn-atend-btn\">\n                                                <a href=\"#\"  class=\"etn-btn etn-btn-border etn-event-expired\">Expired! <\/a>\n                                            <\/div>\n                <\/div>\n            <\/div>\n                        <!-- content end-->\n        <\/div>\n        <!-- etn event item end-->\n    <\/div>\n    <\/div>\n\n\t\t\t\t\t<\/div>\n\n\t\t\t\t<\/div>\n<\/div>\t\t\t\t<\/div>\n\t\t\t\t<\/div>\n\t\t\t\t<\/div>\n\t\t\t\t<\/div>\n\t\t\t\t\t<\/div>\n\t\t\t\t<\/div>\n\t\t\t\t<\/div>\n\t\t\t\t<\/div>\n\t\t","protected":false},"excerpt":{"rendered":"<p>Agenda Tous les Jour Fixe Online Jour Fixe \u2013 dimanche du vote \u00c9change sur les votes pour les personnes int\u00e9ress\u00e9es 14. Juni 2026 Attend Jour Fixe Online Jour Fixe \u2013 dimanche du vote \u00c9change sur les votes pour les personnes int\u00e9ress\u00e9es 8. M\u00e4rz 2026 Attend Jour Fixe Online Jour Fixe \u2013 avec th\u00e8me principal l\u2019e-ID [&hellip;]<\/p>\n","protected":false},"author":1,"featured_media":0,"parent":0,"menu_order":0,"comment_status":"closed","ping_status":"closed","template":"","meta":{"footnotes":""},"class_list":["post-14685","page","type-page","status-publish","hentry"],"_links":{"self":[{"href":"https:\/\/international.bi.glpch2.dev\/fr\/wp-json\/wp\/v2\/pages\/14685","targetHints":{"allow":["GET"]}}],"collection":[{"href":"https:\/\/international.bi.glpch2.dev\/fr\/wp-json\/wp\/v2\/pages"}],"about":[{"href":"https:\/\/international.bi.glpch2.dev\/fr\/wp-json\/wp\/v2\/types\/page"}],"author":[{"embeddable":true,"href":"https:\/\/international.bi.glpch2.dev\/fr\/wp-json\/wp\/v2\/users\/1"}],"replies":[{"embeddable":true,"href":"https:\/\/international.bi.glpch2.dev\/fr\/wp-json\/wp\/v2\/comments?post=14685"}],"version-history":[{"count":0,"href":"https:\/\/international.bi.glpch2.dev\/fr\/wp-json\/wp\/v2\/pages\/14685\/revisions"}],"wp:attachment":[{"href":"https:\/\/international.bi.glpch2.dev\/fr\/wp-json\/wp\/v2\/media?parent=14685"}],"curies":[{"name":"wp","href":"https:\/\/api.w.org\/{rel}","templated":true}]}}